{"id":4982,"date":"2023-05-10T13:29:48","date_gmt":"2023-05-10T11:29:48","guid":{"rendered":"https:\/\/endlich-wachstum.de\/?page_id=4982"},"modified":"2024-10-10T12:12:23","modified_gmt":"2024-10-10T10:12:23","slug":"pie-de-imprenta","status":"publish","type":"page","link":"https:\/\/endlich-wachstum.de\/es\/pie-de-imprenta\/","title":{"rendered":"Pie de imprenta"},"content":{"rendered":"\n<p>Crecer por fin: materiales educativos para una transformaci\u00f3n socioecol\u00f3gica<br>Editor: <a href=\"http:\/\/knoe.org\" data-type=\"link\" data-id=\"knoe.org\">Konzeptwerk Neue \u00d6konomie e.V.<\/a><\/p>\n\n\n\n<h3 class=\"wp-block-heading\">Responsable seg\u00fan \u00a75 TMG<\/h3>\n\n\n\n<p>Konzeptwerk Neue \u00d6konomie e.V.<br>Klingenstra\u00dfe 22, 04229 Leipzig<br>0341 \/ 39281686<br>bildung@knoe.org<\/p>\n","protected":false},"excerpt":{"rendered":"<p>Crecer por fin: materiales educativos para una transformaci\u00f3n socioecol\u00f3gicaEditor: Konzeptwerk Neue \u00d6konomie e.V. Responsable seg\u00fan [&hellip;]<\/p>\n","protected":false},"author":1,"featured_media":0,"parent":0,"menu_order":0,"comment_status":"closed","ping_status":"closed","template":"","meta":{"_acf_changed":false,"footnotes":""},"class_list":["post-4982","page","type-page","status-publish","hentry"],"acf":[],"_links":{"self":[{"href":"https:\/\/endlich-wachstum.de\/es\/wp-json\/wp\/v2\/pages\/4982","targetHints":{"allow":["GET"]}}],"collection":[{"href":"https:\/\/endlich-wachstum.de\/es\/wp-json\/wp\/v2\/pages"}],"about":[{"href":"https:\/\/endlich-wachstum.de\/es\/wp-json\/wp\/v2\/types\/page"}],"author":[{"embeddable":true,"href":"https:\/\/endlich-wachstum.de\/es\/wp-json\/wp\/v2\/users\/1"}],"replies":[{"embeddable":true,"href":"https:\/\/endlich-wachstum.de\/es\/wp-json\/wp\/v2\/comments?post=4982"}],"version-history":[{"count":1,"href":"https:\/\/endlich-wachstum.de\/es\/wp-json\/wp\/v2\/pages\/4982\/revisions"}],"predecessor-version":[{"id":4983,"href":"https:\/\/endlich-wachstum.de\/es\/wp-json\/wp\/v2\/pages\/4982\/revisions\/4983"}],"wp:attachment":[{"href":"https:\/\/endlich-wachstum.de\/es\/wp-json\/wp\/v2\/media?parent=4982"}],"curies":[{"name":"wp","href":"https:\/\/api.w.org\/{rel}","templated":true}]}}