{"id":4980,"date":"2023-04-20T13:50:04","date_gmt":"2023-04-20T11:50:04","guid":{"rendered":"https:\/\/endlich-wachstum.de\/?page_id=4980"},"modified":"2024-10-10T12:11:22","modified_gmt":"2024-10-10T10:11:22","slug":"politica-de-privacidad","status":"publish","type":"page","link":"https:\/\/endlich-wachstum.de\/es\/politica-de-privacidad\/","title":{"rendered":"Pol\u00edtica de privacidad"},"content":{"rendered":"\n<p>Esta pol\u00edtica de privacidad cumple con las directrices del GDPR y la BDSG. Su objetivo es proporcionar informaci\u00f3n sobre el tipo, la finalidad y el uso de los datos personales por parte del operador del sitio web Konzeptwerk Neue \u00d6konomie.<\/p>\n\n\n\n<p>Antes de que se nos transmitan datos en l\u00ednea, los ciframos utilizando el m\u00e9todo TLS\/SSL. Se trata de uno de los m\u00e9todos m\u00e1s seguros y utilizados en Internet. Siempre mantenemos actualizados los est\u00e1ndares de seguridad de nuestros sitios web. Aunque nuestro sitio est\u00e1 equipado con diversas precauciones de seguridad, no podemos garantizar una protecci\u00f3n completa de sus datos, ya que no se pueden descartar las brechas de seguridad en Internet.<\/p>\n\n\n\n<p>El funcionamiento y la comunicaci\u00f3n de nuestro servicio dependen de los datos de nuestros usuarios. En principio, puede visitar nuestro sitio web sin dejar ning\u00fan dato personal. En algunos casos, sin embargo, necesitamos datos personales suyos por motivos fiscales o legales, por ejemplo, para hacer donaciones en l\u00ednea, pedir material informativo, ponernos en contacto con usted o inscribirse en el bolet\u00edn electr\u00f3nico. Los datos personales son especialmente sensibles, es decir, toda la informaci\u00f3n que pueda atribuirse claramente a una persona f\u00edsica concreta. De acuerdo con el GDPR, estamos obligados a enumerar el alcance completo de todos estos datos.<\/p>\n\n\n\n<h2 class=\"wp-block-heading\">Responsable de la recogida de datos<\/h2>\n\n\n\n<p>Para preguntas, peticiones de informaci\u00f3n, solicitudes, quejas o cr\u00edticas relativas a nuestra protecci\u00f3n de datos, puede ponerse en contacto con la siguiente oficina:<\/p>\n\n\n\n<p>Konzeptwerk Neue \u00d6konomie<br>Klingenstr. 22<br>04229 Leipzig<br>Alemania<\/p>\n\n\n\n<p>Tel\u00e9fono: 0341-39281686<br>Correo electr\u00f3nico: info[aet]knoe.org<br>P\u00e1gina web:\u00a0<a href=\"https:\/\/konzeptwerk-neue-oekonomie.org\/\">www.konzeptwerk-neue-oekonomie.org<\/a><\/p>\n\n\n\n<h2 class=\"wp-block-heading\">Responsable de protecci\u00f3n de datos<\/h2>\n\n\n\n<p>El responsable de la protecci\u00f3n de datos de Konzeptwerk es<\/p>\n\n\n\n<p>Kai Kuhnhenn<br>Klingenstr. 22<br>04229 Leipzig<br>Alemania<\/p>\n\n\n\n<p>Tel\u00e9fono: 0341-39281686<br>Correo electr\u00f3nico: info[aet]knoe.org<br>P\u00e1gina web:\u00a0<a href=\"https:\/\/konzeptwerk-neue-oekonomie.org\/\">www.konzeptwerk-neue-oekonomie.org<\/a><\/p>\n\n\n\n<h2 class=\"wp-block-heading\">Base jur\u00eddica para el tratamiento de datos personales<\/h2>\n\n\n\n<p>Si el tratamiento de sus datos personales se basa en el consentimiento, el art\u00edculo 6, apartado 1, letra a), del RGPD es la base jur\u00eddica del tratamiento de datos personales.<\/p>\n\n\n\n<p>Si las operaciones de tratamiento de sus datos personales sirven para cumplir un contrato o medidas precontractuales en las que una de las partes contratantes es el sujeto de los datos, el Art. 6 para. 1 lit. b GDPR es la base legal. Esto se aplica, por ejemplo, si adjudicamos contratos a terceros.<\/p>\n\n\n\n<p>Si el tratamiento de sus datos personales se basa en una obligaci\u00f3n legal necesaria, la base jur\u00eddica es el art\u00edculo 6, apartado 1, letra c) del RGPD. Esto se aplica, por ejemplo, al almacenamiento y tratamiento de datos de donantes que debemos conservar por motivos fiscales.<\/p>\n\n\n\n<p>Si el tratamiento de sus datos personales es necesario para salvaguardar un inter\u00e9s leg\u00edtimo de nuestra organizaci\u00f3n o de un tercero y si estos intereses prevalecen sin afectar a los derechos y libertades fundamentales del interesado a este respecto, el Art. 6 para. 1 lit. f GDPR es la base legal.<\/p>\n\n\n\n<h2 class=\"wp-block-heading\">Sus derechos<\/h2>\n\n\n\n<p>Naturalmente, usted tiene derechos en relaci\u00f3n con la recogida de sus datos. De acuerdo con la legislaci\u00f3n aplicable, estamos obligados a informarle de estos derechos. La utilizaci\u00f3n y aplicaci\u00f3n de estos derechos es gratuita para usted.<\/p>\n\n\n\n<h3 class=\"wp-block-heading\">Derecho de anulaci\u00f3n<\/h3>\n\n\n\n<p>Usted tiene derecho a revocar en cualquier momento su consentimiento para la recogida de datos. Este derecho se aplica con efectos para el futuro; los datos recogidos hasta que la revocaci\u00f3n sea legalmente efectiva no se ver\u00e1n afectados por ello. Para ello, env\u00ede un correo electr\u00f3nico a info[aet]knoe.org.<\/p>\n\n\n\n<h3 class=\"wp-block-heading\">Derecho a la portabilidad de los datos<\/h3>\n\n\n\n<p>Tiene derecho a solicitar que transfiramos sus datos a otra organizaci\u00f3n.<\/p>\n\n\n\n<h3 class=\"wp-block-heading\">Derecho a la informaci\u00f3n<\/h3>\n\n\n\n<p>Tiene derecho a solicitarnos confirmaci\u00f3n sobre si obtenemos datos personales suyos y de qu\u00e9 modo. Este derecho se materializa en la presente pol\u00edtica de privacidad. Tambi\u00e9n puede solicitar informaci\u00f3n por v\u00eda electr\u00f3nica. Para ello, env\u00ede un correo electr\u00f3nico a info[aet]knoe.org.<\/p>\n\n\n\n<h3 class=\"wp-block-heading\">Derecho de rectificaci\u00f3n, supresi\u00f3n o bloqueo<\/h3>\n\n\n\n<p>Tiene derecho a rectificar, suprimir o bloquear sus datos. Esto \u00faltimo se aplica si la situaci\u00f3n jur\u00eddica no permite la supresi\u00f3n.<\/p>\n\n\n\n<h3 class=\"wp-block-heading\">Derecho de recurso<\/h3>\n\n\n\n<p>Tiene derecho a presentar una reclamaci\u00f3n ante una autoridad de control o un organismo competente si tiene motivos para quejarse. Para ejercer este derecho y los dos anteriores, dir\u00edjase a las personas de contacto que figuran al final de esta pol\u00edtica de privacidad.<\/p>\n\n\n\n<h2 class=\"wp-block-heading\">Cambios en la pol\u00edtica de privacidad<\/h2>\n\n\n\n<p>Como responsable del tratamiento, nos reservamos el derecho a modificar la pol\u00edtica de privacidad en cualquier momento en relaci\u00f3n con la normativa aplicable en materia de protecci\u00f3n de datos. El estado actual es septiembre de 2024.<\/p>\n\n\n\n<h2 class=\"wp-block-heading\">Transferencia de datos a terceros<\/h2>\n\n\n\n<p>Por principio, no transmitimos sus datos a terceros. Adem\u00e1s, tomamos las medidas adecuadas y realizamos controles peri\u00f3dicos para garantizar que los datos que recopilamos no puedan ser vistos ni accedidos por terceros desde el exterior.<\/p>\n\n\n\n<h2 class=\"wp-block-heading\">Actividades de transformaci\u00f3n<\/h2>\n\n\n\n<h3 class=\"wp-block-heading\">1. P\u00e1gina web<\/h3>\n\n\n\n<p>Cuando utiliza nuestro sitio web, se recopilan los siguientes datos personales de conformidad con el GDPR:<\/p>\n\n\n\n<p>En cualquier caso: El nombre de host del ordenador que accede (direcci\u00f3n IP &#8211; ver archivos de registro).<\/p>\n\n\n\n<p>Al confirmar la cookie con fines de an\u00e1lisis web (v\u00e9ase servicios de an\u00e1lisis web):<\/p>\n\n\n\n<ul class=\"wp-block-list\">\n<li>Tipo\/versi\u00f3n de navegador<\/li>\n\n\n\n<li>Sistema operativo utilizado<\/li>\n\n\n\n<li>URL de referencia (la p\u00e1gina visitada anteriormente)<\/li>\n\n\n\n<li>Nombre de host del ordenador que accede (direcci\u00f3n IP)<\/li>\n\n\n\n<li>Hora de la consulta al servidor<\/li>\n<\/ul>\n\n\n\n<p>Estos datos no pueden asignarse a personas concretas. Estos datos no se fusionan con otras fuentes de datos, y los datos se eliminan una vez analizados estad\u00edsticamente.<\/p>\n\n\n\n<p>Le aseguramos que estos datos se utilizan exclusivamente para el funcionamiento, la evaluaci\u00f3n estad\u00edstica y la mejora de nuestra oferta. De conformidad con la normativa aplicable, estos datos s\u00f3lo se recogen durante el tiempo que usted utiliza nuestro servicio. Se cumplen las normas de supresi\u00f3n legalmente aplicables.<\/p>\n\n\n\n<p><strong>Archivos de registro<\/strong><\/p>\n\n\n\n<p>Un archivo de registro se crea como parte de un registro autom\u00e1tico del sistema inform\u00e1tico de procesamiento. Esto significa que la informaci\u00f3n relativa al dispositivo final que est\u00e1 utilizando se registra como archivos de registro en un servidor.<\/p>\n\n\n\n<p>Tambi\u00e9n analizamos los archivos de registro para protegernos contra ataques DOS (ataques de denegaci\u00f3n de servicio), para lo cual se almacenan durante 24 horas las direcciones IP de los visitantes de nuestro sitio web.<\/p>\n\n\n\n<p><strong>Cookies<\/strong><\/p>\n\n\n\n<p>Este sitio web utiliza cookies. Se trata de peque\u00f1os archivos de texto que se guardan en el historial de su navegador y que se utilizan para reconstruir la configuraci\u00f3n y otros cambios que ya haya realizado en su pr\u00f3xima visita. Las cookies nos permiten personalizar nuestro servicio y hacerlo m\u00e1s f\u00e1cil de usar.<\/p>\n\n\n\n<p>Usted tiene la opci\u00f3n de bloquear la instalaci\u00f3n de cookies y eliminar las que ya se hayan instalado. En tal caso, es posible que algunas funciones del sitio dejen de funcionar o s\u00f3lo funcionen de forma limitada.<\/p>\n\n\n\n<h3 class=\"wp-block-heading\">2. Servicios de an\u00e1lisis web<\/h3>\n\n\n\n<p>Nuestro sitio web utiliza Matomo, un servicio de an\u00e1lisis web proporcionado por InnoCraft Ltd, 150 Willis St, 6011 Wellington, Nueva Zelanda. Este servicio nos permite analizar el uso de nuestro sitio web mediante la creaci\u00f3n de informes y adaptar as\u00ed nuestra oferta a las demandas de los usuarios. Matomo almacena cookies en su dispositivo final que nos permiten analizar el uso que usted hace de nuestro sitio web. La informaci\u00f3n recopilada de este modo se almacena exclusivamente en nuestro servidor, concretamente los siguientes datos:<\/p>\n\n\n\n<p>Matomo utiliza cookies (v\u00e9ase m\u00e1s arriba) para recopilar los siguientes datos y generar informes:<\/p>\n\n\n\n<ul class=\"wp-block-list\">\n<li>Tipo\/versi\u00f3n de navegador<\/li>\n\n\n\n<li>Sistema operativo utilizado<\/li>\n\n\n\n<li>URL de referencia (la p\u00e1gina visitada anteriormente)<\/li>\n\n\n\n<li>Nombre de host del ordenador que accede (direcci\u00f3n IP)<\/li>\n\n\n\n<li>Hora de la petici\u00f3n al servidor<\/li>\n\n\n\n<li>las subp\u00e1ginas a las que se accede desde el sitio web consultado<\/li>\n\n\n\n<li>el tiempo de permanencia en el sitio web<\/li>\n\n\n\n<li>la frecuencia con la que se accede al sitio web<\/li>\n\n\n\n<li>el sitio web consultado<\/li>\n<\/ul>\n\n\n\n<p>Los datos s\u00f3lo se recogen si usted ha dado su consentimiento para la creaci\u00f3n de la cookie cuando visita el sitio web por primera vez. Tambi\u00e9n puede eliminar en cualquier momento las cookies que ya se hayan creado.<\/p>\n","protected":false},"excerpt":{"rendered":"<p>Esta pol\u00edtica de privacidad cumple con las directrices del GDPR y la BDSG. Su objetivo [&hellip;]<\/p>\n","protected":false},"author":1,"featured_media":0,"parent":0,"menu_order":0,"comment_status":"closed","ping_status":"open","template":"","meta":{"_acf_changed":false,"footnotes":""},"class_list":["post-4980","page","type-page","status-publish","hentry"],"acf":[],"_links":{"self":[{"href":"https:\/\/endlich-wachstum.de\/es\/wp-json\/wp\/v2\/pages\/4980","targetHints":{"allow":["GET"]}}],"collection":[{"href":"https:\/\/endlich-wachstum.de\/es\/wp-json\/wp\/v2\/pages"}],"about":[{"href":"https:\/\/endlich-wachstum.de\/es\/wp-json\/wp\/v2\/types\/page"}],"author":[{"embeddable":true,"href":"https:\/\/endlich-wachstum.de\/es\/wp-json\/wp\/v2\/users\/1"}],"replies":[{"embeddable":true,"href":"https:\/\/endlich-wachstum.de\/es\/wp-json\/wp\/v2\/comments?post=4980"}],"version-history":[{"count":1,"href":"https:\/\/endlich-wachstum.de\/es\/wp-json\/wp\/v2\/pages\/4980\/revisions"}],"predecessor-version":[{"id":4981,"href":"https:\/\/endlich-wachstum.de\/es\/wp-json\/wp\/v2\/pages\/4980\/revisions\/4981"}],"wp:attachment":[{"href":"https:\/\/endlich-wachstum.de\/es\/wp-json\/wp\/v2\/media?parent=4980"}],"curies":[{"name":"wp","href":"https:\/\/api.w.org\/{rel}","templated":true}]}}