{"id":4885,"date":"2024-10-09T11:34:08","date_gmt":"2024-10-09T09:34:08","guid":{"rendered":"https:\/\/endlich-wachstum.de\/?page_id=4885"},"modified":"2024-10-10T12:20:53","modified_gmt":"2024-10-10T10:20:53","slug":"con-el-apoyo-de","status":"publish","type":"page","link":"https:\/\/endlich-wachstum.de\/es\/con-el-apoyo-de\/","title":{"rendered":"Con el apoyo de"},"content":{"rendered":"\n<p>Financiado por ENGAGEMENT GLOBAL en nombre del Ministerio Federal Alem\u00e1n de Cooperaci\u00f3n Econ\u00f3mica y Desarrollo. Este proyecto cont\u00f3 con el apoyo de las siguientes instituciones:<\/p>\n\n\n\n<div class=\"wp-block-columns are-vertically-aligned-center is-layout-flex wp-container-core-columns-is-layout-9d6595d7 wp-block-columns-is-layout-flex\">\n<div class=\"wp-block-column is-vertically-aligned-center is-layout-flow wp-block-column-is-layout-flow\"><div class=\"wp-block-image\">\n<figure class=\"aligncenter size-large is-resized\"><a href=\"https:\/\/www.bmz.de\/de\"><img loading=\"lazy\" decoding=\"async\" width=\"1024\" height=\"301\" src=\"https:\/\/endlich-wachstum.de\/wp-content\/uploads\/2024\/10\/Logo-BMZ-1024x301.jpg\" alt=\"Bundesministerium f\u00fcr wirtschaftliche Zusammenarbeit und Entwicklung\" class=\"wp-image-4803\" style=\"width:430px;height:auto\" srcset=\"https:\/\/endlich-wachstum.de\/wp-content\/uploads\/2024\/10\/Logo-BMZ-1024x301.jpg 1024w, https:\/\/endlich-wachstum.de\/wp-content\/uploads\/2024\/10\/Logo-BMZ-300x88.jpg 300w, https:\/\/endlich-wachstum.de\/wp-content\/uploads\/2024\/10\/Logo-BMZ-768x226.jpg 768w, https:\/\/endlich-wachstum.de\/wp-content\/uploads\/2024\/10\/Logo-BMZ-1536x452.jpg 1536w, https:\/\/endlich-wachstum.de\/wp-content\/uploads\/2024\/10\/Logo-BMZ-2048x602.jpg 2048w\" sizes=\"auto, (max-width: 1024px) 100vw, 1024px\" \/><\/a><\/figure>\n<\/div><\/div>\n\n\n\n<div class=\"wp-block-column is-vertically-aligned-center is-layout-flow wp-block-column-is-layout-flow\"><div class=\"wp-block-image\">\n<figure class=\"aligncenter size-large is-resized\"><a href=\"https:\/\/www.stiftungmunda.de\/\"><img loading=\"lazy\" decoding=\"async\" width=\"1024\" height=\"349\" src=\"https:\/\/endlich-wachstum.de\/wp-content\/uploads\/2024\/10\/Logo-Stiftung-Menschwuerde-1024x349.png\" alt=\"Stiftung Menschenw\u00fcrde und Arbeitswelt\" class=\"wp-image-4806\" style=\"width:186px;height:auto\" srcset=\"https:\/\/endlich-wachstum.de\/wp-content\/uploads\/2024\/10\/Logo-Stiftung-Menschwuerde-1024x349.png 1024w, https:\/\/endlich-wachstum.de\/wp-content\/uploads\/2024\/10\/Logo-Stiftung-Menschwuerde-300x102.png 300w, https:\/\/endlich-wachstum.de\/wp-content\/uploads\/2024\/10\/Logo-Stiftung-Menschwuerde-768x262.png 768w, https:\/\/endlich-wachstum.de\/wp-content\/uploads\/2024\/10\/Logo-Stiftung-Menschwuerde.png 1467w\" sizes=\"auto, (max-width: 1024px) 100vw, 1024px\" \/><\/a><\/figure>\n<\/div><\/div>\n<\/div>\n\n\n\n<div style=\"height:50px\" aria-hidden=\"true\" class=\"wp-block-spacer\"><\/div>\n\n\n\n<div class=\"wp-block-columns are-vertically-aligned-center is-layout-flex wp-container-core-columns-is-layout-9d6595d7 wp-block-columns-is-layout-flex\">\n<div class=\"wp-block-column is-vertically-aligned-center is-layout-flow wp-block-column-is-layout-flow\"><div class=\"wp-block-image\">\n<figure class=\"aligncenter size-full is-resized\"><a href=\"https:\/\/www.heidehof-stiftung.de\/\"><img loading=\"lazy\" decoding=\"async\" width=\"567\" height=\"228\" src=\"https:\/\/endlich-wachstum.de\/wp-content\/uploads\/2024\/10\/heidehof-stiftung-logo.jpg\" alt=\"Heidehof Stiftung\" class=\"wp-image-4793\" style=\"width:195px;height:auto\" srcset=\"https:\/\/endlich-wachstum.de\/wp-content\/uploads\/2024\/10\/heidehof-stiftung-logo.jpg 567w, https:\/\/endlich-wachstum.de\/wp-content\/uploads\/2024\/10\/heidehof-stiftung-logo-300x121.jpg 300w\" sizes=\"auto, (max-width: 567px) 100vw, 567px\" \/><\/a><\/figure>\n<\/div><\/div>\n\n\n\n<div class=\"wp-block-column is-vertically-aligned-center is-layout-flow wp-block-column-is-layout-flow\"><div class=\"wp-block-image\">\n<figure class=\"aligncenter size-full is-resized\"><a href=\"https:\/\/www.katholischer-fonds.de\/\"><img loading=\"lazy\" decoding=\"async\" width=\"996\" height=\"708\" src=\"https:\/\/endlich-wachstum.de\/wp-content\/uploads\/2024\/10\/Logo-KatholischerFonds.png\" alt=\"Katholischer Fonds - Kooperation Eine Welt\" class=\"wp-image-4799\" style=\"width:144px;height:auto\" srcset=\"https:\/\/endlich-wachstum.de\/wp-content\/uploads\/2024\/10\/Logo-KatholischerFonds.png 996w, https:\/\/endlich-wachstum.de\/wp-content\/uploads\/2024\/10\/Logo-KatholischerFonds-300x213.png 300w, https:\/\/endlich-wachstum.de\/wp-content\/uploads\/2024\/10\/Logo-KatholischerFonds-768x546.png 768w\" sizes=\"auto, (max-width: 996px) 100vw, 996px\" \/><\/a><\/figure>\n<\/div><\/div>\n<\/div>\n\n\n\n<div style=\"height:50px\" aria-hidden=\"true\" class=\"wp-block-spacer\"><\/div>\n\n\n\n<div class=\"wp-block-columns are-vertically-aligned-center is-layout-flex wp-container-core-columns-is-layout-9d6595d7 wp-block-columns-is-layout-flex\">\n<div class=\"wp-block-column is-vertically-aligned-center is-layout-flow wp-block-column-is-layout-flow\"><div class=\"wp-block-image\">\n<figure class=\"aligncenter size-full is-resized\"><a href=\"https:\/\/www.umverteilen.de\/\"><img loading=\"lazy\" decoding=\"async\" width=\"705\" height=\"290\" src=\"https:\/\/endlich-wachstum.de\/wp-content\/uploads\/2024\/10\/Stiftung-Umverteilen-Logo.png\" alt=\"Umverteilen! Stiftung f\u00fcr eine, solidarische Welt\" class=\"wp-image-4809\" style=\"width:245px;height:auto\" srcset=\"https:\/\/endlich-wachstum.de\/wp-content\/uploads\/2024\/10\/Stiftung-Umverteilen-Logo.png 705w, https:\/\/endlich-wachstum.de\/wp-content\/uploads\/2024\/10\/Stiftung-Umverteilen-Logo-300x123.png 300w\" sizes=\"auto, (max-width: 705px) 100vw, 705px\" \/><\/a><\/figure>\n<\/div><\/div>\n\n\n\n<div class=\"wp-block-column is-vertically-aligned-center is-layout-flow wp-block-column-is-layout-flow\"><\/div>\n<\/div>\n\n\n\n<div style=\"height:50px\" aria-hidden=\"true\" class=\"wp-block-spacer\"><\/div>\n\n\n\n<p>Algunos de los m\u00e9todos fueron financiados por la Uni\u00f3n Europea.<\/p>\n\n\n\n<div class=\"wp-block-columns are-vertically-aligned-center is-layout-flex wp-container-core-columns-is-layout-9d6595d7 wp-block-columns-is-layout-flex\">\n<div class=\"wp-block-column is-vertically-aligned-center is-layout-flow wp-block-column-is-layout-flow\"><div class=\"wp-block-image\">\n<figure class=\"aligncenter size-full is-resized\"><img loading=\"lazy\" decoding=\"async\" width=\"286\" height=\"176\" src=\"https:\/\/endlich-wachstum.de\/wp-content\/uploads\/2024\/10\/Erasmus-Plus-Logo.png\" alt=\"Erasmus+\" class=\"wp-image-4877\" style=\"width:221px;height:auto\"\/><\/figure>\n<\/div><\/div>\n\n\n\n<div class=\"wp-block-column is-vertically-aligned-center is-layout-flow wp-block-column-is-layout-flow\"><div class=\"wp-block-image\">\n<figure class=\"aligncenter size-full is-resized\"><img loading=\"lazy\" decoding=\"async\" width=\"993\" height=\"500\" src=\"https:\/\/endlich-wachstum.de\/wp-content\/uploads\/2024\/10\/brot-fuer-die-welt.png\" alt=\"\" class=\"wp-image-4985\" style=\"width:151px;height:auto\" srcset=\"https:\/\/endlich-wachstum.de\/wp-content\/uploads\/2024\/10\/brot-fuer-die-welt.png 993w, https:\/\/endlich-wachstum.de\/wp-content\/uploads\/2024\/10\/brot-fuer-die-welt-300x151.png 300w, https:\/\/endlich-wachstum.de\/wp-content\/uploads\/2024\/10\/brot-fuer-die-welt-768x387.png 768w\" sizes=\"auto, (max-width: 993px) 100vw, 993px\" \/><\/figure>\n<\/div><\/div>\n<\/div>\n\n\n\n<p class=\"has-small-font-size\">Los puntos de vista y opiniones expresados son exclusivamente los de los autores y no reflejan necesariamente los de la Uni\u00f3n Europea ni los de la Agencia Ejecutiva en el \u00c1mbito Educativo y Cultural Europeo (EACEA). Ni la Uni\u00f3n Europea ni la EACEA pueden ser consideradas responsables.<\/p>\n","protected":false},"excerpt":{"rendered":"<p>Financiado por ENGAGEMENT GLOBAL en nombre del Ministerio Federal Alem\u00e1n de Cooperaci\u00f3n Econ\u00f3mica y Desarrollo. [&hellip;]<\/p>\n","protected":false},"author":1,"featured_media":0,"parent":0,"menu_order":0,"comment_status":"closed","ping_status":"closed","template":"","meta":{"_acf_changed":false,"footnotes":""},"class_list":["post-4885","page","type-page","status-publish","hentry"],"acf":[],"_links":{"self":[{"href":"https:\/\/endlich-wachstum.de\/es\/wp-json\/wp\/v2\/pages\/4885","targetHints":{"allow":["GET"]}}],"collection":[{"href":"https:\/\/endlich-wachstum.de\/es\/wp-json\/wp\/v2\/pages"}],"about":[{"href":"https:\/\/endlich-wachstum.de\/es\/wp-json\/wp\/v2\/types\/page"}],"author":[{"embeddable":true,"href":"https:\/\/endlich-wachstum.de\/es\/wp-json\/wp\/v2\/users\/1"}],"replies":[{"embeddable":true,"href":"https:\/\/endlich-wachstum.de\/es\/wp-json\/wp\/v2\/comments?post=4885"}],"version-history":[{"count":3,"href":"https:\/\/endlich-wachstum.de\/es\/wp-json\/wp\/v2\/pages\/4885\/revisions"}],"predecessor-version":[{"id":4993,"href":"https:\/\/endlich-wachstum.de\/es\/wp-json\/wp\/v2\/pages\/4885\/revisions\/4993"}],"wp:attachment":[{"href":"https:\/\/endlich-wachstum.de\/es\/wp-json\/wp\/v2\/media?parent=4885"}],"curies":[{"name":"wp","href":"https:\/\/api.w.org\/{rel}","templated":true}]}}