{"id":4387,"date":"2024-09-10T15:12:32","date_gmt":"2024-09-10T13:12:32","guid":{"rendered":"https:\/\/endlich-wachstum.de\/?page_id=4387"},"modified":"2024-10-14T12:55:59","modified_gmt":"2024-10-14T10:55:59","slug":"concepto","status":"publish","type":"page","link":"https:\/\/endlich-wachstum.de\/es\/concepto\/","title":{"rendered":"Concepto"},"content":{"rendered":"\n<p>Las desigualdades sociales, la crisis clim\u00e1tica y otras crisis cada vez m\u00e1s graves hacen que estos tiempos sean muy dif\u00edciles, especialmente para lxs profesorxs y orientadorxs educativxs. Con nuestra plataforma de m\u00e9todos, nos gustar\u00eda proporcionarles herramientas e ideas para explorar la complejidad de nuestro mundo en espacios de aprendizaje y contrarrestar la desesperanza y los sentimientos de impotencia. Nuestros m\u00e9todos ayudan sobre todo a las personas mayores de 15 a\u00f1os a comprender mejor los contextos globales, sociales, pol\u00edticos, econ\u00f3micos y socioecol\u00f3gicos. Les ayudan a analizar cr\u00edticamente y a formarse sus propias opiniones, y les muestran perspectivas de acci\u00f3n en el esp\u00edritu de la educaci\u00f3n para el desarrollo sostenible (EDS). El enfoque de los m\u00e9todos hace hincapi\u00e9 en una actitud cr\u00edtica frente al poder, se basa en el concepto de educaci\u00f3n transformadora e implica la cabeza, el coraz\u00f3n y la mano.<\/p>\n\n\n\n<p><strong>Nuestra concepci\u00f3n de la educaci\u00f3n<\/strong><\/p>\n\n\n\n<p>Con nuestra labor educativa, queremos abrir espacios de aprendizaje que se llenen de las diferentes <strong>perspectivas, experiencias, emociones, pensamientos y deseos<\/strong> de lxs participantes. De este modo, queremos ayudar a las personas a encontrar juntxs respuestas a preguntas apremiantes. Para nosotrxs es importante cultivar un enfoque <strong>abiertx, emp\u00e1ticx y cr\u00edticx con el poder de lxs dem\u00e1s<\/strong>. Con esto nos referimos a <strong>reconocer las jerarqu\u00edas de poder, hacerlas visibles y desmantelarlas<\/strong>.<\/p>\n\n\n\n<p>Junto con lxs participantes de nuestros eventos, vamos en busca de los componentes b\u00e1sicos de una econom\u00eda diferente, las razones de la injusticia social y las crisis ecol\u00f3gicas. Analizamos supuestos comunes y debatimos lo que constituye una buena vida. Conocemos alternativas probadas y creamos espacios de aprendizaje para hacer directamente tangible la gesti\u00f3n socioecol\u00f3gica. Se aplica lo siguiente: no hay respuestas sencillas. Los problemas a los que nos enfrentamos son complejos, y las soluciones que necesitamos son igual de complejas. Vemos la transformaci\u00f3n socioecol\u00f3gica como un proceso abierto. Para ello, queremos potenciar la autoeficacia, la conciencia y la solidaridad de las personas.<\/p>\n\n\n\n<p>Nuestros m\u00e9todos de educaci\u00f3n transformadora incluyen el aprendizaje con la cabeza, el coraz\u00f3n y la mano. Esto significa que nuestros m\u00e9todos van m\u00e1s all\u00e1 de impartir conocimientos, abordan nuestra propia implicaci\u00f3n en las relaciones globales de poder y tambi\u00e9n el plano emocional. Juntxs analizamos nuestro sistema econ\u00f3mico, las razones de la injusticia social y las crisis ecol\u00f3gicas. Investigamos, reflexionamos y debatimos, nos escuchamos unxs a otrxs y a nuestros cuerpos, compartimos nuestras preocupaciones, actuamos nosotrxs mismxs y configuramos activamente la sociedad.<\/p>\n\n\n\n<p><strong>\u00bfPor qu\u00e9 \u00abCrecimiento al fin\u00bb?<\/strong><\/p>\n\n\n\n<p>El crecimiento econ\u00f3mico sigue siendo a menudo incuestionable; muchxs siguen suspirando aliviadxs: \u00ab\u00a1Por fin crecimiento!\u00bb. Ecol\u00f3gico o no, el crecimiento debe ser finito si queremos que los l\u00edmites planetarios se tengan en cuenta en nuestro sistema econ\u00f3mico. Cosas como el consumo actual de recursos, el empeoramiento de la crisis clim\u00e1tica y la p\u00e9rdida de biodiversidad dejan m\u00e1s claro que nunca que \u00a1no podemos seguir como hasta ahora! Esto tambi\u00e9n est\u00e1 relacionado con un aumento de la desigualdad social: La mayor\u00eda de las personas, muchxs de ellxs en el Sur Global, sufren el estilo de vida del Norte Global, que s\u00f3lo se sostiene gracias al crecimiento econ\u00f3mico y la explotaci\u00f3n que conlleva. Por lo tanto, una vida buena para todxs tambi\u00e9n exige que se analice y cambie el actual sistema econ\u00f3mico imperante.<\/p>\n\n\n\n<p><strong>El desarrollo del conjunto de m\u00e9todos<\/strong><\/p>\n\n\n\n<p>Endlich Wachstum se puso en marcha como un proyecto conjunto de <a href=\"https:\/\/konzeptwerk-neue-oekonomie.org\/english\/\">Konzeptwerk Neue \u00d6konomie e.V. <\/a>(Leipzig) y <a href=\"https:\/\/www.fairbindung.org\/\">FairBindung e.V.<\/a> (Berl\u00edn). La cooperaci\u00f3n comenz\u00f3 con el trabajo en el primer folleto \u00abEndlich Wachstum!\u00bb en 2012. Desde 2018, el Konzeptwerk ha seguido trabajando en la plataforma y desarrollando m\u00e1s los m\u00e9todos por su cuenta. Hemos probado todos los m\u00e9todos, obtenido retroalimentaci\u00f3n y la hemos incorporado. Sobre todo, queremos fortalecer una perspectiva cr\u00edtica con el poder que se centre en la justicia global como una cuesti\u00f3n transversal. El desarrollo ulterior de nuestros m\u00e9todos es un proceso continuo que est\u00e1 estrechamente vinculado a nuestro proceso de aprendizaje individual y colectivo.<\/p>\n\n\n\n<p><strong>Objetivos del conjunto de m\u00e9todos<\/strong><\/p>\n\n\n\n<p>Queremos utilizar los m\u00e9todos de este folleto para escrutar los privilegios del Norte Global y cuestionar el modelo de prosperidad imperante en \u00e9l. Al hacerlo, nos parece especialmente importante dar cabida a las perspectivas marginadas, reforzar los espacios de reflexi\u00f3n y ampliar el campo de acci\u00f3n. \u00bfEn qu\u00e9 tipo de mundo queremos vivir? \u00bfC\u00f3mo podemos lograr una buena vida para todxs? \u00bfEs esto posible con el actual modelo de crecimiento? \u00bfQu\u00e9 alternativas existen ya dentro y fuera de este sistema?<\/p>\n\n\n\n<p><strong>Nuestro propio posicionamiento<\/strong><\/p>\n\n\n\n<p>En esta colecci\u00f3n de m\u00e9todos, tratamos de reforzar una perspectiva sobre la crisis clim\u00e1tica y la justicia global que sea cr\u00edtica con el crecimiento y el poder, y de hacer m\u00e1s visibles las perspectivas marginadas. La transparencia de nuestro propio posicionamiento es importante para nosotrxs aqu\u00ed: somos un equipo de siete personas que tenemos diferentes experiencias en el desarrollo de m\u00e9todos y en el trabajo educativo pr\u00e1ctico. Tenemos posturas diferentes con respecto a las posiciones de poder en la sociedad, como el g\u00e9nero, el origen, la lengua, la raza, la clase, el nivel educativo, etc.<\/p>\n\n\n\n<p><strong>Grupos destinatarios<\/strong><\/p>\n\n\n\n<p>Esta colecci\u00f3n de m\u00e9todos est\u00e1 dirigida a todxs lxs que trabajan con j\u00f3venes y adultxs j\u00f3venes en un contexto educativo. Los m\u00e9todos son especialmente adecuados para personas de entre 15 y 30 a\u00f1os, para trabajar con alumnxs a partir del 10\u00ba curso, estudiantes en pr\u00e1cticas y de formaci\u00f3n profesional, personas que realizan un a\u00f1o de voluntariado en su pa\u00eds o en el extranjero (por ejemplo, F\u00d6J, FSJ, FKJ, Servicio Federal de Voluntariado, Servicio Voluntario Europeo, servicios Weltw\u00e4rts, grupos de j\u00f3venes y estudiantes).<\/p>\n\n\n\n<p><strong>Barreras<\/strong><\/p>\n\n\n\n<p>Para visualizar las barreras, las marcamos al principio de los m\u00e9todos. Nos hemos limitado a las barreras de visi\u00f3n, audici\u00f3n, lectura, escritura, motricidad, movimiento y complejidad. Las barreras indicadas para un m\u00e9todo son necesarias para participar en \u00e9l. Sin embargo, estas barreras tambi\u00e9n pueden eliminarse dentro de un m\u00e9todo introduciendo ligeras modificaciones. Por ejemplo, mediante la lectura de textos en voz alta, descripciones sonoras de una situaci\u00f3n\/imagen que se vaya a utilizar, un mayor uso del lenguaje visual, la interpretaci\u00f3n a otros idiomas (incluido el lenguaje de signos), menos movimiento, etc. \u2026 No ponga l\u00edmites a su creatividad.<\/p>\n\n\n\n<p><strong>Lengua utilizada<\/strong><\/p>\n\n\n\n<p>El lenguaje es clave para el cambio social; se utiliza para influir en las normas y las relaciones de poder. Para representar ling\u00fc\u00edsticamente todos los g\u00e9neros sociales e identidades de g\u00e9nero, incluidxs lxs que est\u00e1n fuera del g\u00e9nero binario socialmente predominante, utilizamos lenguaje neutro en cuanto es posible y, en caso contrario, asteriscos de g\u00e9nero (*).<\/p>\n\n\n\n<p>Utilizamos los t\u00e9rminos \u00abSur Global\u00bb y \u00abNorte Global\u00bb en lugar de calificativos sentenciosos como \u00abpa\u00edses desarrollados\u00bb, \u00abpa\u00edses en v\u00edas de desarrollo\u00bb o \u00abTercer Mundo\u00bb. El desarrollo es un t\u00e9rmino normativo que no est\u00e1 claramente definido y sigue transmitiendo un retraso general de las respectivas regiones. El t\u00e9rmino \u00abpa\u00edses del Sur Global\u00bb no impone a estos pa\u00edses ninguna direcci\u00f3n particular de desarrollo, especialmente no la del Norte Global. Bas\u00e1ndonos en el folleto \u00abCon saludos coloniales\u2026\u00bb de glokal e.V., definimos los t\u00e9rminos de la siguiente manera: El t\u00e9rmino \u00abSur Global\u00bb se utiliza para describir una posici\u00f3n social, pol\u00edtica y econ\u00f3mica desfavorecida en el sistema mundial. \u00abNorte Global\u00bb representa una posici\u00f3n privilegiada y beneficiosa. La categorizaci\u00f3n hace referencia a las diferentes experiencias con el colonialismo y la explotaci\u00f3n, por un lado principalmente como beneficiarios y por otro principalmente como explotadxs. Ni el Sur Global ni el Norte Global pueden resumirse como un grupo homog\u00e9neo de Estados. Las diferencias entre los distintos pa\u00edses y regiones, as\u00ed como las diferencias dentro de ellxs, contradicen la categorizaci\u00f3n en tales supercategor\u00edas. Tambi\u00e9n hay personas privilegiadas en el Sur Global, por ejemplo lxs colonxs alemanes en Namibia, y personas marginadas en el Norte Global, por ejemplo lxs ilegalizadxs. Queremos minimizar la valoraci\u00f3n discriminatoria de los pa\u00edses.<\/p>\n\n\n\n<p>En nuestro glosario <a href=\"https:\/\/konzeptwerk-neue-oekonomie.org\/das-glossar\/\">\u00abPalabras del aprendizaje global\u00bb<\/a> se describen otros t\u00e9rminos de uso frecuente en nuestros m\u00e9todos en lenguaje f\u00e1cil y en varios idiomas.<\/p>\n\n\n\n<p><strong>Estructura<\/strong><\/p>\n\n\n\n<p>El conjunto de m\u00e9todos comprende siete categor\u00edas con una variedad de ejercicios diferentes. Cada categor\u00eda se centra en un aspecto concreto del tema. Es importante destacar que los l\u00edmites de las categor\u00edas son a menudo difusos, ya que los aspectos del tema se solapan con frecuencia y queremos reforzar deliberadamente la interseccionalidad. No obstante, pensamos que la categorizaci\u00f3n puede ayudar a orientarse a grandes rasgos en el sitio web. Una perspectiva de justicia global est\u00e1 en el centro de todas las categor\u00edas.<\/p>\n\n\n\n<p><strong>Alternativas<\/strong><\/p>\n\n\n\n<p>Existen ya muchas alternativas vividas o imaginables para un mundo socioecol\u00f3gicamente m\u00e1s justx, que se exploran y se hacen tangibles en esta categor\u00eda. Tambi\u00e9n se pueden encontrar aqu\u00ed estrategias para lograr una mayor justicia.<\/p>\n\n\n\n<p><strong>Trabajo y cuidados<\/strong><\/p>\n\n\n\n<p>Esta categor\u00eda trata sobre el trabajo remunerado y no remunerado, la igualdad de g\u00e9nero y el tiempo. \u00bfQu\u00e9 pasar\u00eda si el trabajo asistencial estuviera en el centro de la pol\u00edtica econ\u00f3mica, en lugar de los beneficios y el crecimiento econ\u00f3mico?<\/p>\n\n\n\n<p><strong>Digitalizaci\u00f3n<\/strong><\/p>\n\n\n\n<p>Los m\u00e9todos de esta categor\u00eda tratan de c\u00f3mo la digitalizaci\u00f3n est\u00e1 cambiando la vida, el trabajo y la econom\u00eda individual y estructuralmente, qu\u00e9 efectos tiene sobre el medio ambiente\/clima y las sociedades y c\u00f3mo la tecnolog\u00eda digital puede dise\u00f1arse y utilizarse de forma m\u00e1s democr\u00e1tica y socioecol\u00f3gicamente m\u00e1s justx.<\/p>\n\n\n\n<p><strong>Nutrici\u00f3n<\/strong><\/p>\n\n\n\n<p>El sector alimentario, como todos los dem\u00e1s sectores econ\u00f3micos, se caracteriza por nuestro sistema basado en el crecimiento y su l\u00f3gica de beneficio y explotaci\u00f3n. Los m\u00e9todos de esta categor\u00eda analizan nuestro actual sistema alimentario dominante y abordan la producci\u00f3n de alimentos social y ecol\u00f3gicamente justx.<\/p>\n\n\n\n<p><strong>Buena vida<\/strong><\/p>\n\n\n\n<p>Estos m\u00e9todos abordan las desigualdades sociales y las diferentes ideas de prosperidad. Se centran en las siguientes preguntas: \u00bfQu\u00e9 significa para m\u00ed una buena vida? \u00bfQu\u00e9 responsabilidad tengo de hacer posible una buena vida para todxs?<\/p>\n\n\n\n<p><strong>Ecolog\u00eda<\/strong><\/p>\n\n\n\n<p>Los m\u00e9todos de esta categor\u00eda tratan de los l\u00edmites planetarios de nuestro mundo, los efectos de las distintas acciones y nuestra propia responsabilidad al respecto. Una pregunta central es: \u00bfhasta qu\u00e9 punto son compatibles el crecimiento econ\u00f3mico y la sostenibilidad?<\/p>\n\n\n\n<p><strong>Crecimiento<\/strong><\/p>\n\n\n\n<p>\u00bfQu\u00e9 crece cuando crece la econom\u00eda? Esta pregunta constituye el punto de partida de un examen cr\u00edtico del tema del crecimiento econ\u00f3mico. Los m\u00e9todos de esta categor\u00eda abordan los conceptos de crecimiento verde y postcrecimiento.<\/p>\n\n\n\n<p><strong>Esperamos sus comentarios. P\u00f3nganse en contacto con nosotrxs en <a href=\"mailto:bildung@knoe.org\">bildung@knoe.org<\/a>.<\/strong><\/p>\n\n\n\n<p><\/p>\n","protected":false},"excerpt":{"rendered":"<p>Las desigualdades sociales, la crisis clim\u00e1tica y otras crisis cada vez m\u00e1s graves hacen que [&hellip;]<\/p>\n","protected":false},"author":1,"featured_media":0,"parent":0,"menu_order":0,"comment_status":"closed","ping_status":"closed","template":"","meta":{"_acf_changed":false,"footnotes":""},"class_list":["post-4387","page","type-page","status-publish","hentry"],"acf":[],"_links":{"self":[{"href":"https:\/\/endlich-wachstum.de\/es\/wp-json\/wp\/v2\/pages\/4387","targetHints":{"allow":["GET"]}}],"collection":[{"href":"https:\/\/endlich-wachstum.de\/es\/wp-json\/wp\/v2\/pages"}],"about":[{"href":"https:\/\/endlich-wachstum.de\/es\/wp-json\/wp\/v2\/types\/page"}],"author":[{"embeddable":true,"href":"https:\/\/endlich-wachstum.de\/es\/wp-json\/wp\/v2\/users\/1"}],"replies":[{"embeddable":true,"href":"https:\/\/endlich-wachstum.de\/es\/wp-json\/wp\/v2\/comments?post=4387"}],"version-history":[{"count":4,"href":"https:\/\/endlich-wachstum.de\/es\/wp-json\/wp\/v2\/pages\/4387\/revisions"}],"predecessor-version":[{"id":5512,"href":"https:\/\/endlich-wachstum.de\/es\/wp-json\/wp\/v2\/pages\/4387\/revisions\/5512"}],"wp:attachment":[{"href":"https:\/\/endlich-wachstum.de\/es\/wp-json\/wp\/v2\/media?parent=4387"}],"curies":[{"name":"wp","href":"https:\/\/api.w.org\/{rel}","templated":true}]}}