{"id":4385,"date":"2023-05-10T13:21:04","date_gmt":"2023-05-10T11:21:04","guid":{"rendered":"https:\/\/endlich-wachstum.de\/?page_id=4385"},"modified":"2024-10-14T12:51:32","modified_gmt":"2024-10-14T10:51:32","slug":"quienes-somos","status":"publish","type":"page","link":"https:\/\/endlich-wachstum.de\/es\/quienes-somos\/","title":{"rendered":"Qui\u00e9nes somos"},"content":{"rendered":"\n<p><strong>Esta colecci\u00f3n de materiales se lanz\u00f3 en 2014 como un proyecto conjunto de <a href=\"http:\/\/knoe.org\" data-type=\"link\" data-id=\"knoe.org\">Konzeptwerk Neue \u00d6konomie<\/a> (Leipzig) y FairBindung e.V. (Berl\u00edn). Desde 2018, la Konzeptwerk ha seguido trabajando en la plataforma y desarrollando los m\u00e9todos por su cuenta.<\/strong><\/p>\n\n\n\n<p>El Konzeptwerk Neue \u00d6konomie recoge y desarrolla alternativas concretas para una econom\u00eda ecol\u00f3gica y socialmente justa. Conecta movimientos sociales, ciencia y sociedad civil, y crea espacios de aprendizaje para una labor educativa cr\u00edtica. Con su trabajo, el Konzeptwerk da a la gente la confianza necesaria para cambiar la sociedad de forma autodeterminada.<\/p>\n\n\n\n<p>El material did\u00e1ctico es gratuito. Sin embargo, nos encantar\u00eda que nos apoyara con <a href=\"https:\/\/konzeptwerk-neue-oekonomie.org\/foerdern\/\">una donaci\u00f3n a Konzeptwerk.<\/a><\/p>\n\n\n\n<h2 class=\"wp-block-heading\">Condiciones de uso<\/h2>\n\n\n\n<p>Todos los materiales est\u00e1n sujetos a la <a href=\"https:\/\/creativecommons.org\/licenses\/by-nc-sa\/3.0\/de\/deed.de\">Licencia Creative Commons CC-BY-NC-SA<\/a>.<\/p>\n\n\n\n<p>Pueden ser utilizados, reproducidos, distribuidos o modificados; el Konzeptwerk Neue \u00d6konomie debe figurar como autorx. Cualquier distribuci\u00f3n o desarrollo posterior no debe tener fines comerciales y debe realizarse tambi\u00e9n bajo una licencia comparable. Sin embargo, el uso de los materiales en seminarios, talleres y clases est\u00e1 expresamente permitido, incluso si lxs instructorxs reciben una remuneraci\u00f3n por su trabajo.<\/p>\n\n\n\n<p>Konzeptwerk Neue \u00d6konomie e.V.<br>Klingenstra\u00dfe 22, 04229 Leipzig<br>+49 341\/39281686<br>bildung@knoe.org<\/p>\n","protected":false},"excerpt":{"rendered":"<p>Esta colecci\u00f3n de materiales se lanz\u00f3 en 2014 como un proyecto conjunto de Konzeptwerk Neue [&hellip;]<\/p>\n","protected":false},"author":1,"featured_media":0,"parent":0,"menu_order":0,"comment_status":"closed","ping_status":"closed","template":"","meta":{"_acf_changed":false,"footnotes":""},"class_list":["post-4385","page","type-page","status-publish","hentry"],"acf":[],"_links":{"self":[{"href":"https:\/\/endlich-wachstum.de\/es\/wp-json\/wp\/v2\/pages\/4385","targetHints":{"allow":["GET"]}}],"collection":[{"href":"https:\/\/endlich-wachstum.de\/es\/wp-json\/wp\/v2\/pages"}],"about":[{"href":"https:\/\/endlich-wachstum.de\/es\/wp-json\/wp\/v2\/types\/page"}],"author":[{"embeddable":true,"href":"https:\/\/endlich-wachstum.de\/es\/wp-json\/wp\/v2\/users\/1"}],"replies":[{"embeddable":true,"href":"https:\/\/endlich-wachstum.de\/es\/wp-json\/wp\/v2\/comments?post=4385"}],"version-history":[{"count":2,"href":"https:\/\/endlich-wachstum.de\/es\/wp-json\/wp\/v2\/pages\/4385\/revisions"}],"predecessor-version":[{"id":5505,"href":"https:\/\/endlich-wachstum.de\/es\/wp-json\/wp\/v2\/pages\/4385\/revisions\/5505"}],"wp:attachment":[{"href":"https:\/\/endlich-wachstum.de\/es\/wp-json\/wp\/v2\/media?parent=4385"}],"curies":[{"name":"wp","href":"https:\/\/api.w.org\/{rel}","templated":true}]}}