{"id":4383,"date":"2023-05-10T13:23:31","date_gmt":"2023-05-10T11:23:31","guid":{"rendered":"https:\/\/endlich-wachstum.de\/?page_id=4383"},"modified":"2024-09-18T13:24:02","modified_gmt":"2024-09-18T11:24:02","slug":"formacion-continua","status":"publish","type":"page","link":"https:\/\/endlich-wachstum.de\/es\/formacion-continua\/","title":{"rendered":"Formaci\u00f3n continua"},"content":{"rendered":"\n<p>El equipo educativo de Konzeptwerk Neue \u00d6konomie ofrece regularmente formaci\u00f3n metodol\u00f3gica sobre los materiales aqu\u00ed publicados \u00abEndlich Wachstum!\u00bb y otros cursos de formaci\u00f3n para educadores. Tambi\u00e9n puede invitarnos como ponentes.<\/p>\n\n\n\n<p>Encontrar\u00e1 m\u00e1s actos organizados por Konzeptwerk Neue \u00d6konomie aqu\u00ed: <a href=\"https:\/\/konzeptwerk-neue-oekonomie.org\/veranstaltungen\/\">eventos<\/a><\/p>\n\n\n\n<h3 class=\"wp-block-heading\">P\u00f3ngase en contacto con nosotros<\/h3>\n\n\n\n<p>Konzeptwerk Neue \u00d6konomie<br><a href=\"mailto:bildung@knoe.org\">bildung@knoe.org<\/a><br>+49 341 \/ 39 28 16 86<\/p>\n","protected":false},"excerpt":{"rendered":"<p>El equipo educativo de Konzeptwerk Neue \u00d6konomie ofrece regularmente formaci\u00f3n metodol\u00f3gica sobre los materiales aqu\u00ed [&hellip;]<\/p>\n","protected":false},"author":1,"featured_media":0,"parent":0,"menu_order":0,"comment_status":"closed","ping_status":"closed","template":"","meta":{"_acf_changed":false,"footnotes":""},"class_list":["post-4383","page","type-page","status-publish","hentry"],"acf":[],"_links":{"self":[{"href":"https:\/\/endlich-wachstum.de\/es\/wp-json\/wp\/v2\/pages\/4383","targetHints":{"allow":["GET"]}}],"collection":[{"href":"https:\/\/endlich-wachstum.de\/es\/wp-json\/wp\/v2\/pages"}],"about":[{"href":"https:\/\/endlich-wachstum.de\/es\/wp-json\/wp\/v2\/types\/page"}],"author":[{"embeddable":true,"href":"https:\/\/endlich-wachstum.de\/es\/wp-json\/wp\/v2\/users\/1"}],"replies":[{"embeddable":true,"href":"https:\/\/endlich-wachstum.de\/es\/wp-json\/wp\/v2\/comments?post=4383"}],"version-history":[{"count":1,"href":"https:\/\/endlich-wachstum.de\/es\/wp-json\/wp\/v2\/pages\/4383\/revisions"}],"predecessor-version":[{"id":4384,"href":"https:\/\/endlich-wachstum.de\/es\/wp-json\/wp\/v2\/pages\/4383\/revisions\/4384"}],"wp:attachment":[{"href":"https:\/\/endlich-wachstum.de\/es\/wp-json\/wp\/v2\/media?parent=4383"}],"curies":[{"name":"wp","href":"https:\/\/api.w.org\/{rel}","templated":true}]}}