{"id":4380,"date":"2023-05-10T13:22:04","date_gmt":"2023-05-10T11:22:04","guid":{"rendered":"https:\/\/endlich-wachstum.de\/?page_id=4380"},"modified":"2024-10-14T10:44:40","modified_gmt":"2024-10-14T08:44:40","slug":"funcionamiento-de-esta-pagina","status":"publish","type":"page","link":"https:\/\/endlich-wachstum.de\/es\/funcionamiento-de-esta-pagina\/","title":{"rendered":"Funcionamiento de esta p\u00e1gina"},"content":{"rendered":"\n<p>Nuestra colecci\u00f3n de unos 200 m\u00e9todos pedag\u00f3gicos es muy amplia. Hay algunas funciones pr\u00e1cticas que le ayudar\u00e1n a encontrar r\u00e1pidamente el m\u00e9todo que busca.<\/p>\n\n\n\n<hr class=\"wp-block-separator has-alpha-channel-opacity\"\/>\n\n\n\n<h2 class=\"wp-block-heading\">Temas<\/h2>\n\n\n\n<p>Nuestros m\u00e9todos est\u00e1n organizados seg\u00fan ocho temas, cada m\u00e9todo tiene exactamente un tema. Estos temas son: Alternativas, Trabajo y cuidados, Digitalizaci\u00f3n, Alimentaci\u00f3n, \u00bfBuena vida? Ecolog\u00eda, Crecimiento econ\u00f3mico. Puede seleccionar y anular la selecci\u00f3n de temas individuales en la p\u00e1gina de inicio. Encontrar\u00e1 una descripci\u00f3n detallada de los temas en la p\u00e1gina \u00absobre los m\u00e9todos\u00bb.<\/p>\n\n\n\n<hr class=\"wp-block-separator has-alpha-channel-opacity\"\/>\n\n\n\n<h2 class=\"wp-block-heading\">Formatos<\/h2>\n\n\n\n<p>A cada m\u00e9todo se le asignan formatos espec\u00edficos: Exposici\u00f3n, movimiento, debate, trabajo en grupo, multimedia, presentaci\u00f3n, concurso, juego. Los m\u00e9todos pueden tener m\u00e1s de un formato. Puede utilizar el bot\u00f3n Filtrar para filtrar los m\u00e9todos seg\u00fan estos formatos.<\/p>\n\n\n\n<hr class=\"wp-block-separator has-alpha-channel-opacity\"\/>\n\n\n\n<h2 class=\"wp-block-heading\">Barreras<\/h2>\n\n\n\n<p>La tercera opci\u00f3n de filtro son las barreras. Aqu\u00ed puede seleccionar qu\u00e9 barreras pueden tener los m\u00e9todos mostrados: Movimiento, Audici\u00f3n, Complejidad, Lectura, Motricidad, Escritura, Visi\u00f3n. Por ejemplo, si busca un m\u00e9todo para una clase escolar con deficiencias auditivas, deseleccione la barrera Audici\u00f3n y s\u00f3lo se le mostrar\u00e1n los m\u00e9todos que no tengan esta barrera. Tambi\u00e9n puede encontrar las barreras utilizando el bot\u00f3n Filtro.<\/p>\n\n\n\n<hr class=\"wp-block-separator has-alpha-channel-opacity\"\/>\n\n\n\n<h2 class=\"wp-block-heading\">Buscar en<\/h2>\n\n\n\n<p>Utilice el bot\u00f3n Buscar para acceder a nuestra funci\u00f3n de b\u00fasqueda. Aqu\u00ed puede buscar por palabras clave, temas, contenidos o nombres de m\u00e9todos. Pru\u00e9belo.<\/p>\n\n\n\n<hr class=\"wp-block-separator has-alpha-channel-opacity\"\/>\n\n\n\n<h2 class=\"wp-block-heading\">Idiomas<\/h2>\n\n\n\n<p>Algunos m\u00e9todos se han traducido al ingl\u00e9s y al espa\u00f1ol. Encontrar\u00e1 estos m\u00e9todos en el bot\u00f3n Idiomas.<\/p>\n\n\n\n<hr class=\"wp-block-separator has-alpha-channel-opacity\"\/>\n\n\n\n<h2 class=\"wp-block-heading\">\u00bfC\u00f3mo se trabaja con el conjunto de m\u00e9todos?<\/h2>\n\n\n\n<p>Todos los m\u00e9todos est\u00e1n preparados de tal manera que lxs instructorxs deber\u00edan ser capaces de preparar y llevar a cabo el m\u00e9todo respectivo por s\u00ed mismxs despu\u00e9s de leerlos. No obstante, es necesaria una buena preparaci\u00f3n para su aplicaci\u00f3n. Lxs instructorxs deben dedicar tiempo a familiarizarse con el contenido y los procedimientos espec\u00edficos.<\/p>\n\n\n\n<p>Los m\u00e9todos var\u00edan en complejidad y alcance. Los ejercicios individuales pueden seleccionarse y combinarse seg\u00fan el inter\u00e9s. Las descripciones de los m\u00e9todos contienen informaci\u00f3n sobre los m\u00e9todos que se complementan entre s\u00ed y pueden combinarse para formar una unidad de aprendizaje. No todos los ejercicios son adecuados para todos los grupos y no todos los m\u00e9todos son adecuados para todxs lxs instructorxs. Lxs instructorxs deben decidir por s\u00ed mismxs qu\u00e9 m\u00e9todos son adecuados para cada grupo y adaptar los ejercicios si es necesario.<\/p>\n\n\n\n<p>Nos hemos esforzado por dise\u00f1ar el sitio web con una variedad de m\u00e9todos para posibilitar experiencias de aprendizaje hol\u00edsticas que vayan m\u00e1s all\u00e1 del aprendizaje puramente cognitivo.<\/p>\n\n\n\n<hr class=\"wp-block-separator has-alpha-channel-opacity\"\/>\n\n\n\n<h2 class=\"wp-block-heading\">Comentarios<\/h2>\n\n\n\n<p><br>Esperamos sus comentarios. El sitio a\u00fan est\u00e1 en desarrollo y depende de los comentarios de lxs usuarixs. No dude en escribirnos a bildung@knoe.org<\/p>\n","protected":false},"excerpt":{"rendered":"<p>Nuestra colecci\u00f3n de unos 200 m\u00e9todos pedag\u00f3gicos es muy amplia. Hay algunas funciones pr\u00e1cticas que [&hellip;]<\/p>\n","protected":false},"author":1,"featured_media":0,"parent":0,"menu_order":0,"comment_status":"closed","ping_status":"closed","template":"","meta":{"_acf_changed":false,"footnotes":""},"class_list":["post-4380","page","type-page","status-publish","hentry"],"acf":[],"_links":{"self":[{"href":"https:\/\/endlich-wachstum.de\/es\/wp-json\/wp\/v2\/pages\/4380","targetHints":{"allow":["GET"]}}],"collection":[{"href":"https:\/\/endlich-wachstum.de\/es\/wp-json\/wp\/v2\/pages"}],"about":[{"href":"https:\/\/endlich-wachstum.de\/es\/wp-json\/wp\/v2\/types\/page"}],"author":[{"embeddable":true,"href":"https:\/\/endlich-wachstum.de\/es\/wp-json\/wp\/v2\/users\/1"}],"replies":[{"embeddable":true,"href":"https:\/\/endlich-wachstum.de\/es\/wp-json\/wp\/v2\/comments?post=4380"}],"version-history":[{"count":3,"href":"https:\/\/endlich-wachstum.de\/es\/wp-json\/wp\/v2\/pages\/4380\/revisions"}],"predecessor-version":[{"id":5343,"href":"https:\/\/endlich-wachstum.de\/es\/wp-json\/wp\/v2\/pages\/4380\/revisions\/5343"}],"wp:attachment":[{"href":"https:\/\/endlich-wachstum.de\/es\/wp-json\/wp\/v2\/media?parent=4380"}],"curies":[{"name":"wp","href":"https:\/\/api.w.org\/{rel}","templated":true}]}}